{"id":7,"date":"2017-08-04T16:55:24","date_gmt":"2017-08-04T14:55:24","guid":{"rendered":"http:\/\/www.dktweb.net\/?page_id=7"},"modified":"2017-08-11T08:54:00","modified_gmt":"2017-08-11T06:54:00","slug":"accueil","status":"publish","type":"page","link":"https:\/\/www.dktweb.net\/","title":{"rendered":"Accueil"},"content":{"rendered":"<p>Ces articles sont principalement des m\u00e9mos accessibles \u00e0 tous sur les logiciels libres, les r\u00e9seaux, les astuces&#8230;<\/p>\n","protected":false},"excerpt":{"rendered":"<p>Ces articles sont principalement des m\u00e9mos accessibles \u00e0 tous sur les logiciels libres, les r\u00e9seaux, les astuces&#8230;<\/p>\n","protected":false},"author":1,"featured_media":0,"parent":0,"menu_order":0,"comment_status":"closed","ping_status":"closed","template":"","meta":{"footnotes":""},"_links":{"self":[{"href":"https:\/\/www.dktweb.net\/index.php\/wp-json\/wp\/v2\/pages\/7"}],"collection":[{"href":"https:\/\/www.dktweb.net\/index.php\/wp-json\/wp\/v2\/pages"}],"about":[{"href":"https:\/\/www.dktweb.net\/index.php\/wp-json\/wp\/v2\/types\/page"}],"author":[{"embeddable":true,"href":"https:\/\/www.dktweb.net\/index.php\/wp-json\/wp\/v2\/users\/1"}],"replies":[{"embeddable":true,"href":"https:\/\/www.dktweb.net\/index.php\/wp-json\/wp\/v2\/comments?post=7"}],"version-history":[{"count":3,"href":"https:\/\/www.dktweb.net\/index.php\/wp-json\/wp\/v2\/pages\/7\/revisions"}],"predecessor-version":[{"id":92,"href":"https:\/\/www.dktweb.net\/index.php\/wp-json\/wp\/v2\/pages\/7\/revisions\/92"}],"wp:attachment":[{"href":"https:\/\/www.dktweb.net\/index.php\/wp-json\/wp\/v2\/media?parent=7"}],"curies":[{"name":"wp","href":"https:\/\/api.w.org\/{rel}","templated":true}]}}